{"id":3278,"date":"2024-11-25T16:01:23","date_gmt":"2024-11-25T15:01:23","guid":{"rendered":"https:\/\/www.sphere.lifty.agency\/impresum\/"},"modified":"2025-01-22T20:41:56","modified_gmt":"2025-01-22T19:41:56","slug":"legal-notice","status":"publish","type":"page","link":"https:\/\/www.sphere.hr\/en\/legal-notice\/","title":{"rendered":"Legal notice"},"content":{"rendered":"<style>.kb-row-layout-id3278_3d57c6-62 > .kt-row-column-wrap{align-content:end;}:where(.kb-row-layout-id3278_3d57c6-62 > .kt-row-column-wrap) > .wp-block-kadence-column{justify-content:end;}.kb-row-layout-id3278_3d57c6-62 > .kt-row-column-wrap{column-gap:var(--global-kb-gap-md, 2rem);row-gap:var(--global-kb-gap-md, 2rem);max-width:700px;margin-left:auto;margin-right:auto;padding-top:140px;padding-right:20px;padding-bottom:140px;padding-left:20px;grid-template-columns:minmax(0, 1fr);}.kb-row-layout-id3278_3d57c6-62{background-image:url('https:\/\/www.sphere.hr\/wp-content\/uploads\/office-9.png');background-size:cover;background-position:53% 80%;background-attachment:scroll;background-repeat:no-repeat;}.kb-row-layout-id3278_3d57c6-62 > .kt-row-layout-overlay{opacity:0.65;background-color:var(--global-palette4, #2D3748);mix-blend-mode:normal;}@media all and (max-width: 1024px){.kb-row-layout-id3278_3d57c6-62 > .kt-row-column-wrap{grid-template-columns:minmax(0, 1fr);}}@media all and (max-width: 767px){.kb-row-layout-id3278_3d57c6-62 > .kt-row-column-wrap{grid-template-columns:minmax(0, 1fr);}}<\/style><div class=\"kb-row-layout-wrap kb-row-layout-id3278_3d57c6-62 alignfull kt-row-has-bg wp-block-kadence-rowlayout\"><div class=\"kt-row-layout-overlay kt-row-overlay-normal\"><\/div><div class=\"kt-row-column-wrap kt-has-1-columns kt-row-layout-equal kt-tab-layout-inherit kt-mobile-layout-row kt-row-valign-bottom\">\n<style>.kadence-column3278_93acb8-65 > .kt-inside-inner-col{display:flex;}.kadence-column3278_93acb8-65 > .kt-inside-inner-col,.kadence-column3278_93acb8-65 > .kt-inside-inner-col:before{border-top-left-radius:0px;border-top-right-radius:0px;border-bottom-right-radius:0px;border-bottom-left-radius:0px;}.kadence-column3278_93acb8-65 > .kt-inside-inner-col{column-gap:var(--global-kb-gap-sm, 1rem);}.kadence-column3278_93acb8-65 > .kt-inside-inner-col{flex-direction:column;justify-content:center;}.kadence-column3278_93acb8-65 > .kt-inside-inner-col > .aligncenter{width:100%;}.kt-row-column-wrap > .kadence-column3278_93acb8-65{align-self:center;}.kt-inner-column-height-full:not(.kt-has-1-columns) > .wp-block-kadence-column.kadence-column3278_93acb8-65{align-self:auto;}.kt-inner-column-height-full:not(.kt-has-1-columns) > .wp-block-kadence-column.kadence-column3278_93acb8-65 > .kt-inside-inner-col{flex-direction:column;justify-content:center;}.kadence-column3278_93acb8-65 > .kt-inside-inner-col:before{opacity:0.3;}.kadence-column3278_93acb8-65{position:relative;}@media all and (max-width: 1024px){.kt-row-column-wrap > .kadence-column3278_93acb8-65{align-self:center;}}@media all and (max-width: 1024px){.kt-inner-column-height-full:not(.kt-has-1-columns) > .wp-block-kadence-column.kadence-column3278_93acb8-65{align-self:auto;}}@media all and (max-width: 1024px){.kt-inner-column-height-full:not(.kt-has-1-columns) > .wp-block-kadence-column.kadence-column3278_93acb8-65 > .kt-inside-inner-col{flex-direction:column;justify-content:center;}}@media all and (max-width: 1024px){.kadence-column3278_93acb8-65 > .kt-inside-inner-col{flex-direction:column;justify-content:center;}}@media all and (max-width: 767px){.kt-row-column-wrap > .kadence-column3278_93acb8-65{align-self:center;}.kt-inner-column-height-full:not(.kt-has-1-columns) > .wp-block-kadence-column.kadence-column3278_93acb8-65{align-self:auto;}.kt-inner-column-height-full:not(.kt-has-1-columns) > .wp-block-kadence-column.kadence-column3278_93acb8-65 > .kt-inside-inner-col{flex-direction:column;justify-content:center;}.kadence-column3278_93acb8-65 > .kt-inside-inner-col{flex-direction:column;justify-content:center;}}<\/style>\n<div class=\"wp-block-kadence-column kadence-column3278_93acb8-65 inner-column-1\"><div class=\"kt-inside-inner-col\"><style>.wp-block-kadence-advancedheading.kt-adv-heading3278_19b998-c0, .wp-block-kadence-advancedheading.kt-adv-heading3278_19b998-c0[data-kb-block=\"kb-adv-heading3278_19b998-c0\"]{text-align:center;font-size:var(--global-kb-font-size-xl, 3rem);font-style:normal;}.wp-block-kadence-advancedheading.kt-adv-heading3278_19b998-c0 mark.kt-highlight, .wp-block-kadence-advancedheading.kt-adv-heading3278_19b998-c0[data-kb-block=\"kb-adv-heading3278_19b998-c0\"] mark.kt-highlight{font-style:normal;color:#f76a0c;-webkit-box-decoration-break:clone;box-decoration-break:clone;padding-top:0px;padding-right:0px;padding-bottom:0px;padding-left:0px;}.wp-block-kadence-advancedheading.kt-adv-heading3278_19b998-c0 img.kb-inline-image, .wp-block-kadence-advancedheading.kt-adv-heading3278_19b998-c0[data-kb-block=\"kb-adv-heading3278_19b998-c0\"] img.kb-inline-image{width:150px;vertical-align:baseline;}@media all and (max-width: 1024px){.wp-block-kadence-advancedheading.kt-adv-heading3278_19b998-c0, .wp-block-kadence-advancedheading.kt-adv-heading3278_19b998-c0[data-kb-block=\"kb-adv-heading3278_19b998-c0\"]{font-size:var(--global-kb-font-size-xl, 3rem);}}@media all and (max-width: 767px){.wp-block-kadence-advancedheading.kt-adv-heading3278_19b998-c0, .wp-block-kadence-advancedheading.kt-adv-heading3278_19b998-c0[data-kb-block=\"kb-adv-heading3278_19b998-c0\"]{font-size:var(--global-kb-font-size-xxl, 4rem);}}<\/style>\n<h1 class=\"kt-adv-heading3278_19b998-c0 wp-block-kadence-advancedheading has-theme-palette-9-color has-text-color\" data-kb-block=\"kb-adv-heading3278_19b998-c0\" data-aos=\"zoom-in\">LEGAL NOTICE<\/h1>\n<\/div><\/div>\n\n<\/div><\/div>\n\n<style>.kb-row-layout-id3278_ec97dc-1b > .kt-row-column-wrap{align-content:start;}:where(.kb-row-layout-id3278_ec97dc-1b > .kt-row-column-wrap) > .wp-block-kadence-column{justify-content:start;}.kb-row-layout-id3278_ec97dc-1b > .kt-row-column-wrap{column-gap:var(--global-kb-gap-none, 0rem );row-gap:var(--global-kb-gap-none, 0rem );max-width:var( --global-content-width, 1440px );padding-left:var(--global-content-edge-padding);padding-right:var(--global-content-edge-padding);padding-top:var(--global-kb-spacing-lg, 3rem);padding-right:0px;padding-bottom:var(--global-kb-spacing-sm, 1.5rem);padding-left:0px;}.kb-row-layout-id3278_ec97dc-1b > .kt-row-column-wrap > *:nth-child(3n+1 of *:not(style)){grid-column:1 \/ -1;}.kb-row-layout-id3278_ec97dc-1b > .kt-row-column-wrap{grid-template-columns:repeat(2, minmax(0, 1fr));}.kb-row-layout-id3278_ec97dc-1b > .kt-row-layout-overlay{opacity:0.30;}@media all and (max-width: 1024px){.kb-row-layout-id3278_ec97dc-1b > .kt-row-column-wrap{padding-right:var(--global-kb-spacing-sm, 1.5rem);padding-left:var(--global-kb-spacing-sm, 1.5rem);grid-template-columns:repeat(2, minmax(0, 1fr));}}@media all and (max-width: 1024px){.kb-row-layout-id3278_ec97dc-1b > .kt-row-column-wrap > *:nth-child(3n+1 of *:not(style)){grid-column:1 \/ -1;}}@media all and (max-width: 767px){.kb-row-layout-id3278_ec97dc-1b > .kt-row-column-wrap{column-gap:var(--global-kb-gap-none, 0rem );row-gap:var(--global-kb-gap-none, 0rem );grid-template-columns:minmax(0, 1fr);}.kb-row-layout-id3278_ec97dc-1b > .kt-row-column-wrap > div:not(.added-for-specificity){grid-column:initial;}}<\/style><div class=\"kb-row-layout-wrap kb-row-layout-id3278_ec97dc-1b alignnone wp-block-kadence-rowlayout\"><div class=\"kt-row-column-wrap kt-has-3-columns kt-row-layout-first-row kt-tab-layout-inherit kt-mobile-layout-row kt-row-valign-top kb-theme-content-width\">\n<style>.kadence-column3278_68c271-83 > .kt-inside-inner-col,.kadence-column3278_68c271-83 > .kt-inside-inner-col:before{border-top-left-radius:0px;border-top-right-radius:0px;border-bottom-right-radius:0px;border-bottom-left-radius:0px;}.kadence-column3278_68c271-83 > .kt-inside-inner-col{column-gap:var(--global-kb-gap-sm, 1rem);}.kadence-column3278_68c271-83 > .kt-inside-inner-col{flex-direction:column;}.kadence-column3278_68c271-83 > .kt-inside-inner-col > .aligncenter{width:100%;}.kadence-column3278_68c271-83 > .kt-inside-inner-col:before{opacity:0.3;}.kadence-column3278_68c271-83{position:relative;}@media all and (max-width: 1024px){.kadence-column3278_68c271-83 > .kt-inside-inner-col{flex-direction:column;justify-content:center;}}@media all and (max-width: 767px){.kadence-column3278_68c271-83 > .kt-inside-inner-col{flex-direction:column;justify-content:center;}}<\/style>\n<div class=\"wp-block-kadence-column kadence-column3278_68c271-83\"><div class=\"kt-inside-inner-col\"><style>.wp-block-kadence-advancedheading.kt-adv-heading3278_88eac8-f0, .wp-block-kadence-advancedheading.kt-adv-heading3278_88eac8-f0[data-kb-block=\"kb-adv-heading3278_88eac8-f0\"]{margin-bottom:0px;line-height:4;font-style:normal;border-bottom:2px solid var(--global-palette7, #EDF2F7);}.wp-block-kadence-advancedheading.kt-adv-heading3278_88eac8-f0 mark.kt-highlight, .wp-block-kadence-advancedheading.kt-adv-heading3278_88eac8-f0[data-kb-block=\"kb-adv-heading3278_88eac8-f0\"] mark.kt-highlight{font-style:normal;color:#f76a0c;-webkit-box-decoration-break:clone;box-decoration-break:clone;padding-top:0px;padding-right:0px;padding-bottom:0px;padding-left:0px;}.wp-block-kadence-advancedheading.kt-adv-heading3278_88eac8-f0 img.kb-inline-image, .wp-block-kadence-advancedheading.kt-adv-heading3278_88eac8-f0[data-kb-block=\"kb-adv-heading3278_88eac8-f0\"] img.kb-inline-image{width:150px;vertical-align:baseline;}@media all and (max-width: 1024px){.wp-block-kadence-advancedheading.kt-adv-heading3278_88eac8-f0, .wp-block-kadence-advancedheading.kt-adv-heading3278_88eac8-f0[data-kb-block=\"kb-adv-heading3278_88eac8-f0\"]{border-bottom:2px solid var(--global-palette7, #EDF2F7);}}@media all and (max-width: 767px){.wp-block-kadence-advancedheading.kt-adv-heading3278_88eac8-f0, .wp-block-kadence-advancedheading.kt-adv-heading3278_88eac8-f0[data-kb-block=\"kb-adv-heading3278_88eac8-f0\"]{border-bottom:2px solid var(--global-palette7, #EDF2F7);}}<\/style>\n<p class=\"kt-adv-heading3278_88eac8-f0 wp-block-kadence-advancedheading\" data-kb-block=\"kb-adv-heading3278_88eac8-f0\">Name:&nbsp;<strong>Sphere d.o.o.<\/strong><\/p>\n<\/div><\/div>\n\n\n<style>.kadence-column3278_79271b-4b > .kt-inside-inner-col,.kadence-column3278_79271b-4b > .kt-inside-inner-col:before{border-top-left-radius:0px;border-top-right-radius:0px;border-bottom-right-radius:0px;border-bottom-left-radius:0px;}.kadence-column3278_79271b-4b > .kt-inside-inner-col{column-gap:var(--global-kb-gap-sm, 1rem);}.kadence-column3278_79271b-4b > .kt-inside-inner-col{flex-direction:column;}.kadence-column3278_79271b-4b > .kt-inside-inner-col > .aligncenter{width:100%;}.kadence-column3278_79271b-4b > .kt-inside-inner-col:before{opacity:0.3;}.kadence-column3278_79271b-4b{position:relative;}@media all and (max-width: 1024px){.kadence-column3278_79271b-4b > .kt-inside-inner-col{flex-direction:column;justify-content:center;}}@media all and (max-width: 767px){.kadence-column3278_79271b-4b > .kt-inside-inner-col{flex-direction:column;justify-content:center;}}<\/style>\n<div class=\"wp-block-kadence-column kadence-column3278_79271b-4b\" data-aos=\"zoom-in\"><div class=\"kt-inside-inner-col\"><style>.wp-block-kadence-advancedheading.kt-adv-heading3278_a0a6f5-e7, .wp-block-kadence-advancedheading.kt-adv-heading3278_a0a6f5-e7[data-kb-block=\"kb-adv-heading3278_a0a6f5-e7\"]{margin-bottom:0px;line-height:4;font-style:normal;border-bottom:2px solid var(--global-palette7, #EDF2F7);}.wp-block-kadence-advancedheading.kt-adv-heading3278_a0a6f5-e7 mark.kt-highlight, .wp-block-kadence-advancedheading.kt-adv-heading3278_a0a6f5-e7[data-kb-block=\"kb-adv-heading3278_a0a6f5-e7\"] mark.kt-highlight{font-style:normal;color:#f76a0c;-webkit-box-decoration-break:clone;box-decoration-break:clone;padding-top:0px;padding-right:0px;padding-bottom:0px;padding-left:0px;}.wp-block-kadence-advancedheading.kt-adv-heading3278_a0a6f5-e7 img.kb-inline-image, .wp-block-kadence-advancedheading.kt-adv-heading3278_a0a6f5-e7[data-kb-block=\"kb-adv-heading3278_a0a6f5-e7\"] img.kb-inline-image{width:150px;vertical-align:baseline;}@media all and (max-width: 1024px){.wp-block-kadence-advancedheading.kt-adv-heading3278_a0a6f5-e7, .wp-block-kadence-advancedheading.kt-adv-heading3278_a0a6f5-e7[data-kb-block=\"kb-adv-heading3278_a0a6f5-e7\"]{border-bottom:2px solid var(--global-palette7, #EDF2F7);}}@media all and (max-width: 767px){.wp-block-kadence-advancedheading.kt-adv-heading3278_a0a6f5-e7, .wp-block-kadence-advancedheading.kt-adv-heading3278_a0a6f5-e7[data-kb-block=\"kb-adv-heading3278_a0a6f5-e7\"]{border-bottom:2px solid var(--global-palette7, #EDF2F7);}}<\/style>\n<p class=\"kt-adv-heading3278_a0a6f5-e7 wp-block-kadence-advancedheading\" data-kb-block=\"kb-adv-heading3278_a0a6f5-e7\">Address:&nbsp;<strong>Vara\u017edinska 140, Gornji Ku\u0107an, HR-42000 Vara\u017edin<\/strong><\/p>\n\n\n<style>.wp-block-kadence-advancedheading.kt-adv-heading3278_fa205a-b0, .wp-block-kadence-advancedheading.kt-adv-heading3278_fa205a-b0[data-kb-block=\"kb-adv-heading3278_fa205a-b0\"]{margin-bottom:0px;line-height:4;font-style:normal;border-bottom:2px solid var(--global-palette7, #EDF2F7);}.wp-block-kadence-advancedheading.kt-adv-heading3278_fa205a-b0 mark.kt-highlight, .wp-block-kadence-advancedheading.kt-adv-heading3278_fa205a-b0[data-kb-block=\"kb-adv-heading3278_fa205a-b0\"] mark.kt-highlight{font-style:normal;color:#f76a0c;-webkit-box-decoration-break:clone;box-decoration-break:clone;padding-top:0px;padding-right:0px;padding-bottom:0px;padding-left:0px;}.wp-block-kadence-advancedheading.kt-adv-heading3278_fa205a-b0 img.kb-inline-image, .wp-block-kadence-advancedheading.kt-adv-heading3278_fa205a-b0[data-kb-block=\"kb-adv-heading3278_fa205a-b0\"] img.kb-inline-image{width:150px;vertical-align:baseline;}@media all and (max-width: 1024px){.wp-block-kadence-advancedheading.kt-adv-heading3278_fa205a-b0, .wp-block-kadence-advancedheading.kt-adv-heading3278_fa205a-b0[data-kb-block=\"kb-adv-heading3278_fa205a-b0\"]{border-bottom:2px solid var(--global-palette7, #EDF2F7);}}@media all and (max-width: 767px){.wp-block-kadence-advancedheading.kt-adv-heading3278_fa205a-b0, .wp-block-kadence-advancedheading.kt-adv-heading3278_fa205a-b0[data-kb-block=\"kb-adv-heading3278_fa205a-b0\"]{border-bottom:2px solid var(--global-palette7, #EDF2F7);}}<\/style>\n<p class=\"kt-adv-heading3278_fa205a-b0 wp-block-kadence-advancedheading\" data-kb-block=\"kb-adv-heading3278_fa205a-b0\">Country:&nbsp;<strong>Croatia, European Union<\/strong><\/p>\n\n\n<style>.wp-block-kadence-advancedheading.kt-adv-heading3278_c98f3f-b1, .wp-block-kadence-advancedheading.kt-adv-heading3278_c98f3f-b1[data-kb-block=\"kb-adv-heading3278_c98f3f-b1\"]{margin-bottom:0px;line-height:4;font-style:normal;border-bottom:2px solid var(--global-palette7, #EDF2F7);}.wp-block-kadence-advancedheading.kt-adv-heading3278_c98f3f-b1 mark.kt-highlight, .wp-block-kadence-advancedheading.kt-adv-heading3278_c98f3f-b1[data-kb-block=\"kb-adv-heading3278_c98f3f-b1\"] mark.kt-highlight{font-style:normal;color:#f76a0c;-webkit-box-decoration-break:clone;box-decoration-break:clone;padding-top:0px;padding-right:0px;padding-bottom:0px;padding-left:0px;}.wp-block-kadence-advancedheading.kt-adv-heading3278_c98f3f-b1 img.kb-inline-image, .wp-block-kadence-advancedheading.kt-adv-heading3278_c98f3f-b1[data-kb-block=\"kb-adv-heading3278_c98f3f-b1\"] img.kb-inline-image{width:150px;vertical-align:baseline;}@media all and (max-width: 1024px){.wp-block-kadence-advancedheading.kt-adv-heading3278_c98f3f-b1, .wp-block-kadence-advancedheading.kt-adv-heading3278_c98f3f-b1[data-kb-block=\"kb-adv-heading3278_c98f3f-b1\"]{border-bottom:2px solid var(--global-palette7, #EDF2F7);}}@media all and (max-width: 767px){.wp-block-kadence-advancedheading.kt-adv-heading3278_c98f3f-b1, .wp-block-kadence-advancedheading.kt-adv-heading3278_c98f3f-b1[data-kb-block=\"kb-adv-heading3278_c98f3f-b1\"]{border-bottom:2px solid var(--global-palette7, #EDF2F7);}}<\/style>\n<p class=\"kt-adv-heading3278_c98f3f-b1 wp-block-kadence-advancedheading\" data-kb-block=\"kb-adv-heading3278_c98f3f-b1\">Competent Court: <strong>Commercial Court in Vara\u017edin<\/strong><\/p>\n\n\n<style>.wp-block-kadence-advancedheading.kt-adv-heading3278_2914c4-0f, .wp-block-kadence-advancedheading.kt-adv-heading3278_2914c4-0f[data-kb-block=\"kb-adv-heading3278_2914c4-0f\"]{margin-bottom:0px;line-height:4;font-style:normal;border-bottom:2px solid var(--global-palette7, #EDF2F7);}.wp-block-kadence-advancedheading.kt-adv-heading3278_2914c4-0f mark.kt-highlight, .wp-block-kadence-advancedheading.kt-adv-heading3278_2914c4-0f[data-kb-block=\"kb-adv-heading3278_2914c4-0f\"] mark.kt-highlight{font-style:normal;color:#f76a0c;-webkit-box-decoration-break:clone;box-decoration-break:clone;padding-top:0px;padding-right:0px;padding-bottom:0px;padding-left:0px;}.wp-block-kadence-advancedheading.kt-adv-heading3278_2914c4-0f img.kb-inline-image, .wp-block-kadence-advancedheading.kt-adv-heading3278_2914c4-0f[data-kb-block=\"kb-adv-heading3278_2914c4-0f\"] img.kb-inline-image{width:150px;vertical-align:baseline;}@media all and (max-width: 1024px){.wp-block-kadence-advancedheading.kt-adv-heading3278_2914c4-0f, .wp-block-kadence-advancedheading.kt-adv-heading3278_2914c4-0f[data-kb-block=\"kb-adv-heading3278_2914c4-0f\"]{border-bottom:2px solid var(--global-palette7, #EDF2F7);}}@media all and (max-width: 767px){.wp-block-kadence-advancedheading.kt-adv-heading3278_2914c4-0f, .wp-block-kadence-advancedheading.kt-adv-heading3278_2914c4-0f[data-kb-block=\"kb-adv-heading3278_2914c4-0f\"]{border-bottom:2px solid var(--global-palette7, #EDF2F7);}}<\/style>\n<p class=\"kt-adv-heading3278_2914c4-0f wp-block-kadence-advancedheading\" data-kb-block=\"kb-adv-heading3278_2914c4-0f\">Basic capital: <strong>EUR 10,000.00<\/strong><\/p>\n<\/div><\/div>\n\n\n<style>.kadence-column3278_a48b92-9e > .kt-inside-inner-col,.kadence-column3278_a48b92-9e > .kt-inside-inner-col:before{border-top-left-radius:0px;border-top-right-radius:0px;border-bottom-right-radius:0px;border-bottom-left-radius:0px;}.kadence-column3278_a48b92-9e > .kt-inside-inner-col{column-gap:var(--global-kb-gap-sm, 1rem);}.kadence-column3278_a48b92-9e > .kt-inside-inner-col{flex-direction:column;}.kadence-column3278_a48b92-9e > .kt-inside-inner-col > .aligncenter{width:100%;}.kadence-column3278_a48b92-9e > .kt-inside-inner-col:before{opacity:0.3;}.kadence-column3278_a48b92-9e{position:relative;}@media all and (max-width: 1024px){.kadence-column3278_a48b92-9e > .kt-inside-inner-col{flex-direction:column;justify-content:center;}}@media all and (max-width: 767px){.kadence-column3278_a48b92-9e > .kt-inside-inner-col{flex-direction:column;justify-content:center;}}<\/style>\n<div class=\"wp-block-kadence-column kadence-column3278_a48b92-9e\" data-aos=\"zoom-in\"><div class=\"kt-inside-inner-col\"><style>.wp-block-kadence-advancedheading.kt-adv-heading3278_cc97cb-70, .wp-block-kadence-advancedheading.kt-adv-heading3278_cc97cb-70[data-kb-block=\"kb-adv-heading3278_cc97cb-70\"]{margin-bottom:0px;line-height:4;font-style:normal;border-bottom:2px solid var(--global-palette7, #EDF2F7);}.wp-block-kadence-advancedheading.kt-adv-heading3278_cc97cb-70 mark.kt-highlight, .wp-block-kadence-advancedheading.kt-adv-heading3278_cc97cb-70[data-kb-block=\"kb-adv-heading3278_cc97cb-70\"] mark.kt-highlight{font-style:normal;color:#f76a0c;-webkit-box-decoration-break:clone;box-decoration-break:clone;padding-top:0px;padding-right:0px;padding-bottom:0px;padding-left:0px;}.wp-block-kadence-advancedheading.kt-adv-heading3278_cc97cb-70 img.kb-inline-image, .wp-block-kadence-advancedheading.kt-adv-heading3278_cc97cb-70[data-kb-block=\"kb-adv-heading3278_cc97cb-70\"] img.kb-inline-image{width:150px;vertical-align:baseline;}@media all and (max-width: 1024px){.wp-block-kadence-advancedheading.kt-adv-heading3278_cc97cb-70, .wp-block-kadence-advancedheading.kt-adv-heading3278_cc97cb-70[data-kb-block=\"kb-adv-heading3278_cc97cb-70\"]{border-bottom:2px solid var(--global-palette7, #EDF2F7);}}@media all and (max-width: 767px){.wp-block-kadence-advancedheading.kt-adv-heading3278_cc97cb-70, .wp-block-kadence-advancedheading.kt-adv-heading3278_cc97cb-70[data-kb-block=\"kb-adv-heading3278_cc97cb-70\"]{border-bottom:2px solid var(--global-palette7, #EDF2F7);}}<\/style>\n<p class=\"kt-adv-heading3278_cc97cb-70 wp-block-kadence-advancedheading\" data-kb-block=\"kb-adv-heading3278_cc97cb-70\">EU VAT Reg No.:&nbsp;<strong>HR49153524070<\/strong><\/p>\n\n\n<style>.wp-block-kadence-advancedheading.kt-adv-heading3278_3ff8e4-e8, .wp-block-kadence-advancedheading.kt-adv-heading3278_3ff8e4-e8[data-kb-block=\"kb-adv-heading3278_3ff8e4-e8\"]{margin-bottom:0px;line-height:4;font-style:normal;border-bottom:2px solid var(--global-palette7, #EDF2F7);}.wp-block-kadence-advancedheading.kt-adv-heading3278_3ff8e4-e8 mark.kt-highlight, .wp-block-kadence-advancedheading.kt-adv-heading3278_3ff8e4-e8[data-kb-block=\"kb-adv-heading3278_3ff8e4-e8\"] mark.kt-highlight{font-style:normal;color:#f76a0c;-webkit-box-decoration-break:clone;box-decoration-break:clone;padding-top:0px;padding-right:0px;padding-bottom:0px;padding-left:0px;}.wp-block-kadence-advancedheading.kt-adv-heading3278_3ff8e4-e8 img.kb-inline-image, .wp-block-kadence-advancedheading.kt-adv-heading3278_3ff8e4-e8[data-kb-block=\"kb-adv-heading3278_3ff8e4-e8\"] img.kb-inline-image{width:150px;vertical-align:baseline;}@media all and (max-width: 1024px){.wp-block-kadence-advancedheading.kt-adv-heading3278_3ff8e4-e8, .wp-block-kadence-advancedheading.kt-adv-heading3278_3ff8e4-e8[data-kb-block=\"kb-adv-heading3278_3ff8e4-e8\"]{border-bottom:2px solid var(--global-palette7, #EDF2F7);}}@media all and (max-width: 767px){.wp-block-kadence-advancedheading.kt-adv-heading3278_3ff8e4-e8, .wp-block-kadence-advancedheading.kt-adv-heading3278_3ff8e4-e8[data-kb-block=\"kb-adv-heading3278_3ff8e4-e8\"]{border-bottom:2px solid var(--global-palette7, #EDF2F7);}}<\/style>\n<p class=\"kt-adv-heading3278_3ff8e4-e8 wp-block-kadence-advancedheading\" data-kb-block=\"kb-adv-heading3278_3ff8e4-e8\">EORI:&nbsp;<strong>HR49153524070<\/strong><\/p>\n\n\n<style>.wp-block-kadence-advancedheading.kt-adv-heading3278_a6ab67-df, .wp-block-kadence-advancedheading.kt-adv-heading3278_a6ab67-df[data-kb-block=\"kb-adv-heading3278_a6ab67-df\"]{margin-bottom:0px;line-height:4;font-style:normal;border-bottom:2px solid var(--global-palette7, #EDF2F7);}.wp-block-kadence-advancedheading.kt-adv-heading3278_a6ab67-df mark.kt-highlight, .wp-block-kadence-advancedheading.kt-adv-heading3278_a6ab67-df[data-kb-block=\"kb-adv-heading3278_a6ab67-df\"] mark.kt-highlight{font-style:normal;color:#f76a0c;-webkit-box-decoration-break:clone;box-decoration-break:clone;padding-top:0px;padding-right:0px;padding-bottom:0px;padding-left:0px;}.wp-block-kadence-advancedheading.kt-adv-heading3278_a6ab67-df img.kb-inline-image, .wp-block-kadence-advancedheading.kt-adv-heading3278_a6ab67-df[data-kb-block=\"kb-adv-heading3278_a6ab67-df\"] img.kb-inline-image{width:150px;vertical-align:baseline;}@media all and (max-width: 1024px){.wp-block-kadence-advancedheading.kt-adv-heading3278_a6ab67-df, .wp-block-kadence-advancedheading.kt-adv-heading3278_a6ab67-df[data-kb-block=\"kb-adv-heading3278_a6ab67-df\"]{border-bottom:2px solid var(--global-palette7, #EDF2F7);}}@media all and (max-width: 767px){.wp-block-kadence-advancedheading.kt-adv-heading3278_a6ab67-df, .wp-block-kadence-advancedheading.kt-adv-heading3278_a6ab67-df[data-kb-block=\"kb-adv-heading3278_a6ab67-df\"]{border-bottom:2px solid var(--global-palette7, #EDF2F7);}}<\/style>\n<p class=\"kt-adv-heading3278_a6ab67-df wp-block-kadence-advancedheading\" data-kb-block=\"kb-adv-heading3278_a6ab67-df\">BIC\/SWIFT ING:&nbsp;<strong>ZABAHR2X<\/strong><\/p>\n\n\n<style>.wp-block-kadence-advancedheading.kt-adv-heading3278_1ef667-32, .wp-block-kadence-advancedheading.kt-adv-heading3278_1ef667-32[data-kb-block=\"kb-adv-heading3278_1ef667-32\"]{margin-bottom:0px;line-height:4;font-style:normal;border-bottom:2px solid var(--global-palette7, #EDF2F7);}.wp-block-kadence-advancedheading.kt-adv-heading3278_1ef667-32 mark.kt-highlight, .wp-block-kadence-advancedheading.kt-adv-heading3278_1ef667-32[data-kb-block=\"kb-adv-heading3278_1ef667-32\"] mark.kt-highlight{font-style:normal;color:#f76a0c;-webkit-box-decoration-break:clone;box-decoration-break:clone;padding-top:0px;padding-right:0px;padding-bottom:0px;padding-left:0px;}.wp-block-kadence-advancedheading.kt-adv-heading3278_1ef667-32 img.kb-inline-image, .wp-block-kadence-advancedheading.kt-adv-heading3278_1ef667-32[data-kb-block=\"kb-adv-heading3278_1ef667-32\"] img.kb-inline-image{width:150px;vertical-align:baseline;}@media all and (max-width: 1024px){.wp-block-kadence-advancedheading.kt-adv-heading3278_1ef667-32, .wp-block-kadence-advancedheading.kt-adv-heading3278_1ef667-32[data-kb-block=\"kb-adv-heading3278_1ef667-32\"]{border-bottom:2px solid var(--global-palette7, #EDF2F7);}}@media all and (max-width: 767px){.wp-block-kadence-advancedheading.kt-adv-heading3278_1ef667-32, .wp-block-kadence-advancedheading.kt-adv-heading3278_1ef667-32[data-kb-block=\"kb-adv-heading3278_1ef667-32\"]{border-bottom:2px solid var(--global-palette7, #EDF2F7);}}<\/style>\n<p class=\"kt-adv-heading3278_1ef667-32 wp-block-kadence-advancedheading\" data-kb-block=\"kb-adv-heading3278_1ef667-32\">IBAN:&nbsp;<strong>HR04 236 0000 1102 5621 47<\/strong><\/p>\n<\/div><\/div>\n\n<\/div><\/div>","protected":false},"excerpt":{"rendered":"<p>LEGAL NOTICE Name:&nbsp;Sphere d.o.o. Address:&nbsp;Vara\u017edinska 140, Gornji Ku\u0107an, HR-42000 Vara\u017edin Country:&nbsp;Croatia, European Union Competent Court: Commercial Court in Vara\u017edin Basic capital: EUR 10,000.00 EU VAT Reg No.:&nbsp;HR49153524070 EORI:&nbsp;HR49153524070 BIC\/SWIFT ING:&nbsp;ZABAHR2X IBAN:&nbsp;HR04 236 0000 1102 5621 47<\/p>\n","protected":false},"author":2,"featured_media":0,"parent":0,"menu_order":0,"comment_status":"closed","ping_status":"closed","template":"","meta":{"_kad_blocks_custom_css":"","_kad_blocks_head_custom_js":"","_kad_blocks_body_custom_js":"","_kad_blocks_footer_custom_js":"","_kadence_starter_templates_imported_post":false,"_kad_post_transparent":"disable","_kad_post_title":"hide","_kad_post_layout":"","_kad_post_sidebar_id":"","_kad_post_content_style":"","_kad_post_vertical_padding":"bottom","_kad_post_feature":"","_kad_post_feature_position":"","_kad_post_header":false,"_kad_post_footer":false,"_kad_post_classname":"","footnotes":""},"class_list":["post-3278","page","type-page","status-publish","hentry"],"taxonomy_info":[],"featured_image_src_large":false,"author_info":{"display_name":"Viktoria","author_link":"https:\/\/www.sphere.hr\/en\/author\/viktoria\/"},"comment_info":0,"_links":{"self":[{"href":"https:\/\/www.sphere.hr\/en\/wp-json\/wp\/v2\/pages\/3278","targetHints":{"allow":["GET"]}}],"collection":[{"href":"https:\/\/www.sphere.hr\/en\/wp-json\/wp\/v2\/pages"}],"about":[{"href":"https:\/\/www.sphere.hr\/en\/wp-json\/wp\/v2\/types\/page"}],"author":[{"embeddable":true,"href":"https:\/\/www.sphere.hr\/en\/wp-json\/wp\/v2\/users\/2"}],"replies":[{"embeddable":true,"href":"https:\/\/www.sphere.hr\/en\/wp-json\/wp\/v2\/comments?post=3278"}],"version-history":[{"count":9,"href":"https:\/\/www.sphere.hr\/en\/wp-json\/wp\/v2\/pages\/3278\/revisions"}],"predecessor-version":[{"id":4343,"href":"https:\/\/www.sphere.hr\/en\/wp-json\/wp\/v2\/pages\/3278\/revisions\/4343"}],"wp:attachment":[{"href":"https:\/\/www.sphere.hr\/en\/wp-json\/wp\/v2\/media?parent=3278"}],"curies":[{"name":"wp","href":"https:\/\/api.w.org\/{rel}","templated":true}]}}