{"id":5814,"date":"2024-11-25T16:01:23","date_gmt":"2024-11-25T15:01:23","guid":{"rendered":"https:\/\/www.sphere.hr\/impresum\/"},"modified":"2025-02-18T16:46:08","modified_gmt":"2025-02-18T15:46:08","slug":"impressum","status":"publish","type":"page","link":"https:\/\/www.sphere.hr\/de\/impressum\/","title":{"rendered":"Impressum"},"content":{"rendered":"<style>.kb-row-layout-id5814_02398c-f9 > .kt-row-column-wrap{align-content:end;}:where(.kb-row-layout-id5814_02398c-f9 > .kt-row-column-wrap) > .wp-block-kadence-column{justify-content:end;}.kb-row-layout-id5814_02398c-f9 > .kt-row-column-wrap{column-gap:var(--global-kb-gap-md, 2rem);row-gap:var(--global-kb-gap-md, 2rem);max-width:700px;margin-left:auto;margin-right:auto;padding-top:140px;padding-right:20px;padding-bottom:140px;padding-left:20px;grid-template-columns:minmax(0, 1fr);}.kb-row-layout-id5814_02398c-f9{background-image:url('https:\/\/www.sphere.hr\/wp-content\/uploads\/office-9.png');background-size:cover;background-position:53% 80%;background-attachment:scroll;background-repeat:no-repeat;}.kb-row-layout-id5814_02398c-f9 > .kt-row-layout-overlay{opacity:0.65;background-color:var(--global-palette4, #2D3748);mix-blend-mode:normal;}@media all and (max-width: 1024px){.kb-row-layout-id5814_02398c-f9 > .kt-row-column-wrap{grid-template-columns:minmax(0, 1fr);}}@media all and (max-width: 767px){.kb-row-layout-id5814_02398c-f9 > .kt-row-column-wrap{grid-template-columns:minmax(0, 1fr);}}<\/style><div class=\"kb-row-layout-wrap kb-row-layout-id5814_02398c-f9 alignfull kt-row-has-bg wp-block-kadence-rowlayout\"><div class=\"kt-row-layout-overlay kt-row-overlay-normal\"><\/div><div class=\"kt-row-column-wrap kt-has-1-columns kt-row-layout-equal kt-tab-layout-inherit kt-mobile-layout-row kt-row-valign-bottom\">\n<style>.kadence-column5814_423398-06 > .kt-inside-inner-col{display:flex;}.kadence-column5814_423398-06 > .kt-inside-inner-col,.kadence-column5814_423398-06 > .kt-inside-inner-col:before{border-top-left-radius:0px;border-top-right-radius:0px;border-bottom-right-radius:0px;border-bottom-left-radius:0px;}.kadence-column5814_423398-06 > .kt-inside-inner-col{column-gap:var(--global-kb-gap-sm, 1rem);}.kadence-column5814_423398-06 > .kt-inside-inner-col{flex-direction:column;justify-content:center;}.kadence-column5814_423398-06 > .kt-inside-inner-col > .aligncenter{width:100%;}.kt-row-column-wrap > .kadence-column5814_423398-06{align-self:center;}.kt-inner-column-height-full:not(.kt-has-1-columns) > .wp-block-kadence-column.kadence-column5814_423398-06{align-self:auto;}.kt-inner-column-height-full:not(.kt-has-1-columns) > .wp-block-kadence-column.kadence-column5814_423398-06 > .kt-inside-inner-col{flex-direction:column;justify-content:center;}.kadence-column5814_423398-06 > .kt-inside-inner-col:before{opacity:0.3;}.kadence-column5814_423398-06{position:relative;}@media all and (max-width: 1024px){.kt-row-column-wrap > .kadence-column5814_423398-06{align-self:center;}}@media all and (max-width: 1024px){.kt-inner-column-height-full:not(.kt-has-1-columns) > .wp-block-kadence-column.kadence-column5814_423398-06{align-self:auto;}}@media all and (max-width: 1024px){.kt-inner-column-height-full:not(.kt-has-1-columns) > .wp-block-kadence-column.kadence-column5814_423398-06 > .kt-inside-inner-col{flex-direction:column;justify-content:center;}}@media all and (max-width: 1024px){.kadence-column5814_423398-06 > .kt-inside-inner-col{flex-direction:column;justify-content:center;}}@media all and (max-width: 767px){.kt-row-column-wrap > .kadence-column5814_423398-06{align-self:center;}.kt-inner-column-height-full:not(.kt-has-1-columns) > .wp-block-kadence-column.kadence-column5814_423398-06{align-self:auto;}.kt-inner-column-height-full:not(.kt-has-1-columns) > .wp-block-kadence-column.kadence-column5814_423398-06 > .kt-inside-inner-col{flex-direction:column;justify-content:center;}.kadence-column5814_423398-06 > .kt-inside-inner-col{flex-direction:column;justify-content:center;}}<\/style>\n<div class=\"wp-block-kadence-column kadence-column5814_423398-06 inner-column-1\"><div class=\"kt-inside-inner-col\"><style>.wp-block-kadence-advancedheading.kt-adv-heading5814_09d0bf-32, .wp-block-kadence-advancedheading.kt-adv-heading5814_09d0bf-32[data-kb-block=\"kb-adv-heading5814_09d0bf-32\"]{text-align:center;font-size:var(--global-kb-font-size-xl, 3rem);font-style:normal;}.wp-block-kadence-advancedheading.kt-adv-heading5814_09d0bf-32 mark.kt-highlight, .wp-block-kadence-advancedheading.kt-adv-heading5814_09d0bf-32[data-kb-block=\"kb-adv-heading5814_09d0bf-32\"] mark.kt-highlight{font-style:normal;color:#f76a0c;-webkit-box-decoration-break:clone;box-decoration-break:clone;padding-top:0px;padding-right:0px;padding-bottom:0px;padding-left:0px;}.wp-block-kadence-advancedheading.kt-adv-heading5814_09d0bf-32 img.kb-inline-image, .wp-block-kadence-advancedheading.kt-adv-heading5814_09d0bf-32[data-kb-block=\"kb-adv-heading5814_09d0bf-32\"] img.kb-inline-image{width:150px;vertical-align:baseline;}@media all and (max-width: 1024px){.wp-block-kadence-advancedheading.kt-adv-heading5814_09d0bf-32, .wp-block-kadence-advancedheading.kt-adv-heading5814_09d0bf-32[data-kb-block=\"kb-adv-heading5814_09d0bf-32\"]{font-size:var(--global-kb-font-size-xl, 3rem);}}@media all and (max-width: 767px){.wp-block-kadence-advancedheading.kt-adv-heading5814_09d0bf-32, .wp-block-kadence-advancedheading.kt-adv-heading5814_09d0bf-32[data-kb-block=\"kb-adv-heading5814_09d0bf-32\"]{font-size:var(--global-kb-font-size-xxl, 4rem);}}<\/style>\n<h1 class=\"kt-adv-heading5814_09d0bf-32 wp-block-kadence-advancedheading has-theme-palette-9-color has-text-color\" data-kb-block=\"kb-adv-heading5814_09d0bf-32\" data-aos=\"zoom-in\">IMPRESUM<\/h1>\n<\/div><\/div>\n\n<\/div><\/div>\n\n<style>.kb-row-layout-id5814_07e08e-35 > .kt-row-column-wrap{align-content:start;}:where(.kb-row-layout-id5814_07e08e-35 > .kt-row-column-wrap) > .wp-block-kadence-column{justify-content:start;}.kb-row-layout-id5814_07e08e-35 > .kt-row-column-wrap{column-gap:var(--global-kb-gap-none, 0rem );row-gap:var(--global-kb-gap-none, 0rem );max-width:var( --global-content-width, 1440px );padding-left:var(--global-content-edge-padding);padding-right:var(--global-content-edge-padding);padding-top:var(--global-kb-spacing-lg, 3rem);padding-right:0px;padding-bottom:var(--global-kb-spacing-sm, 1.5rem);padding-left:0px;}.kb-row-layout-id5814_07e08e-35 > .kt-row-column-wrap > *:nth-child(3n+1 of *:not(style)){grid-column:1 \/ -1;}.kb-row-layout-id5814_07e08e-35 > .kt-row-column-wrap{grid-template-columns:repeat(2, minmax(0, 1fr));}.kb-row-layout-id5814_07e08e-35 > .kt-row-layout-overlay{opacity:0.30;}@media all and (max-width: 1024px){.kb-row-layout-id5814_07e08e-35 > .kt-row-column-wrap{padding-right:var(--global-kb-spacing-sm, 1.5rem);padding-left:var(--global-kb-spacing-sm, 1.5rem);grid-template-columns:repeat(2, minmax(0, 1fr));}}@media all and (max-width: 1024px){.kb-row-layout-id5814_07e08e-35 > .kt-row-column-wrap > *:nth-child(3n+1 of *:not(style)){grid-column:1 \/ -1;}}@media all and (max-width: 767px){.kb-row-layout-id5814_07e08e-35 > .kt-row-column-wrap{column-gap:var(--global-kb-gap-none, 0rem );row-gap:var(--global-kb-gap-none, 0rem );grid-template-columns:minmax(0, 1fr);}.kb-row-layout-id5814_07e08e-35 > .kt-row-column-wrap > div:not(.added-for-specificity){grid-column:initial;}}<\/style><div class=\"kb-row-layout-wrap kb-row-layout-id5814_07e08e-35 alignnone wp-block-kadence-rowlayout\"><div class=\"kt-row-column-wrap kt-has-3-columns kt-row-layout-first-row kt-tab-layout-inherit kt-mobile-layout-row kt-row-valign-top kb-theme-content-width\">\n<style>.kadence-column5814_765820-56 > .kt-inside-inner-col,.kadence-column5814_765820-56 > .kt-inside-inner-col:before{border-top-left-radius:0px;border-top-right-radius:0px;border-bottom-right-radius:0px;border-bottom-left-radius:0px;}.kadence-column5814_765820-56 > .kt-inside-inner-col{column-gap:var(--global-kb-gap-sm, 1rem);}.kadence-column5814_765820-56 > .kt-inside-inner-col{flex-direction:column;}.kadence-column5814_765820-56 > .kt-inside-inner-col > .aligncenter{width:100%;}.kadence-column5814_765820-56 > .kt-inside-inner-col:before{opacity:0.3;}.kadence-column5814_765820-56{position:relative;}@media all and (max-width: 1024px){.kadence-column5814_765820-56 > .kt-inside-inner-col{flex-direction:column;justify-content:center;}}@media all and (max-width: 767px){.kadence-column5814_765820-56 > .kt-inside-inner-col{flex-direction:column;justify-content:center;}}<\/style>\n<div class=\"wp-block-kadence-column kadence-column5814_765820-56\"><div class=\"kt-inside-inner-col\"><style>.wp-block-kadence-advancedheading.kt-adv-heading5814_29ae1a-9d, .wp-block-kadence-advancedheading.kt-adv-heading5814_29ae1a-9d[data-kb-block=\"kb-adv-heading5814_29ae1a-9d\"]{margin-bottom:0px;line-height:4;font-style:normal;border-bottom:2px solid var(--global-palette7, #EDF2F7);}.wp-block-kadence-advancedheading.kt-adv-heading5814_29ae1a-9d mark.kt-highlight, .wp-block-kadence-advancedheading.kt-adv-heading5814_29ae1a-9d[data-kb-block=\"kb-adv-heading5814_29ae1a-9d\"] mark.kt-highlight{font-style:normal;color:#f76a0c;-webkit-box-decoration-break:clone;box-decoration-break:clone;padding-top:0px;padding-right:0px;padding-bottom:0px;padding-left:0px;}.wp-block-kadence-advancedheading.kt-adv-heading5814_29ae1a-9d img.kb-inline-image, .wp-block-kadence-advancedheading.kt-adv-heading5814_29ae1a-9d[data-kb-block=\"kb-adv-heading5814_29ae1a-9d\"] img.kb-inline-image{width:150px;vertical-align:baseline;}@media all and (max-width: 1024px){.wp-block-kadence-advancedheading.kt-adv-heading5814_29ae1a-9d, .wp-block-kadence-advancedheading.kt-adv-heading5814_29ae1a-9d[data-kb-block=\"kb-adv-heading5814_29ae1a-9d\"]{border-bottom:2px solid var(--global-palette7, #EDF2F7);}}@media all and (max-width: 767px){.wp-block-kadence-advancedheading.kt-adv-heading5814_29ae1a-9d, .wp-block-kadence-advancedheading.kt-adv-heading5814_29ae1a-9d[data-kb-block=\"kb-adv-heading5814_29ae1a-9d\"]{border-bottom:2px solid var(--global-palette7, #EDF2F7);}}<\/style>\n<p class=\"kt-adv-heading5814_29ae1a-9d wp-block-kadence-advancedheading\" data-kb-block=\"kb-adv-heading5814_29ae1a-9d\">Name:\u00a0<strong>Sphere d.o.o.<\/strong><\/p>\n<\/div><\/div>\n\n\n<style>.kadence-column5814_b21aff-c9 > .kt-inside-inner-col,.kadence-column5814_b21aff-c9 > .kt-inside-inner-col:before{border-top-left-radius:0px;border-top-right-radius:0px;border-bottom-right-radius:0px;border-bottom-left-radius:0px;}.kadence-column5814_b21aff-c9 > .kt-inside-inner-col{column-gap:var(--global-kb-gap-sm, 1rem);}.kadence-column5814_b21aff-c9 > .kt-inside-inner-col{flex-direction:column;}.kadence-column5814_b21aff-c9 > .kt-inside-inner-col > .aligncenter{width:100%;}.kadence-column5814_b21aff-c9 > .kt-inside-inner-col:before{opacity:0.3;}.kadence-column5814_b21aff-c9{position:relative;}@media all and (max-width: 1024px){.kadence-column5814_b21aff-c9 > .kt-inside-inner-col{flex-direction:column;justify-content:center;}}@media all and (max-width: 767px){.kadence-column5814_b21aff-c9 > .kt-inside-inner-col{flex-direction:column;justify-content:center;}}<\/style>\n<div class=\"wp-block-kadence-column kadence-column5814_b21aff-c9\" data-aos=\"zoom-in\"><div class=\"kt-inside-inner-col\"><style>.wp-block-kadence-advancedheading.kt-adv-heading5814_0183ee-51, .wp-block-kadence-advancedheading.kt-adv-heading5814_0183ee-51[data-kb-block=\"kb-adv-heading5814_0183ee-51\"]{margin-bottom:0px;line-height:4;font-style:normal;border-bottom:2px solid var(--global-palette7, #EDF2F7);}.wp-block-kadence-advancedheading.kt-adv-heading5814_0183ee-51 mark.kt-highlight, .wp-block-kadence-advancedheading.kt-adv-heading5814_0183ee-51[data-kb-block=\"kb-adv-heading5814_0183ee-51\"] mark.kt-highlight{font-style:normal;color:#f76a0c;-webkit-box-decoration-break:clone;box-decoration-break:clone;padding-top:0px;padding-right:0px;padding-bottom:0px;padding-left:0px;}.wp-block-kadence-advancedheading.kt-adv-heading5814_0183ee-51 img.kb-inline-image, .wp-block-kadence-advancedheading.kt-adv-heading5814_0183ee-51[data-kb-block=\"kb-adv-heading5814_0183ee-51\"] img.kb-inline-image{width:150px;vertical-align:baseline;}@media all and (max-width: 1024px){.wp-block-kadence-advancedheading.kt-adv-heading5814_0183ee-51, .wp-block-kadence-advancedheading.kt-adv-heading5814_0183ee-51[data-kb-block=\"kb-adv-heading5814_0183ee-51\"]{border-bottom:2px solid var(--global-palette7, #EDF2F7);}}@media all and (max-width: 767px){.wp-block-kadence-advancedheading.kt-adv-heading5814_0183ee-51, .wp-block-kadence-advancedheading.kt-adv-heading5814_0183ee-51[data-kb-block=\"kb-adv-heading5814_0183ee-51\"]{border-bottom:2px solid var(--global-palette7, #EDF2F7);}}<\/style>\n<p class=\"kt-adv-heading5814_0183ee-51 wp-block-kadence-advancedheading\" data-kb-block=\"kb-adv-heading5814_0183ee-51\">Adresse:\u00a0<strong>Vara\u017edinska 140, Gornji Ku\u0107an, HR-42000 Vara\u017edin<\/strong><\/p>\n\n\n<style>.wp-block-kadence-advancedheading.kt-adv-heading5814_b7859e-14, .wp-block-kadence-advancedheading.kt-adv-heading5814_b7859e-14[data-kb-block=\"kb-adv-heading5814_b7859e-14\"]{margin-bottom:0px;line-height:4;font-style:normal;border-bottom:2px solid var(--global-palette7, #EDF2F7);}.wp-block-kadence-advancedheading.kt-adv-heading5814_b7859e-14 mark.kt-highlight, .wp-block-kadence-advancedheading.kt-adv-heading5814_b7859e-14[data-kb-block=\"kb-adv-heading5814_b7859e-14\"] mark.kt-highlight{font-style:normal;color:#f76a0c;-webkit-box-decoration-break:clone;box-decoration-break:clone;padding-top:0px;padding-right:0px;padding-bottom:0px;padding-left:0px;}.wp-block-kadence-advancedheading.kt-adv-heading5814_b7859e-14 img.kb-inline-image, .wp-block-kadence-advancedheading.kt-adv-heading5814_b7859e-14[data-kb-block=\"kb-adv-heading5814_b7859e-14\"] img.kb-inline-image{width:150px;vertical-align:baseline;}@media all and (max-width: 1024px){.wp-block-kadence-advancedheading.kt-adv-heading5814_b7859e-14, .wp-block-kadence-advancedheading.kt-adv-heading5814_b7859e-14[data-kb-block=\"kb-adv-heading5814_b7859e-14\"]{border-bottom:2px solid var(--global-palette7, #EDF2F7);}}@media all and (max-width: 767px){.wp-block-kadence-advancedheading.kt-adv-heading5814_b7859e-14, .wp-block-kadence-advancedheading.kt-adv-heading5814_b7859e-14[data-kb-block=\"kb-adv-heading5814_b7859e-14\"]{border-bottom:2px solid var(--global-palette7, #EDF2F7);}}<\/style>\n<p class=\"kt-adv-heading5814_b7859e-14 wp-block-kadence-advancedheading\" data-kb-block=\"kb-adv-heading5814_b7859e-14\">Land:\u00a0<strong>Hrvatska<\/strong><\/p>\n\n\n<style>.wp-block-kadence-advancedheading.kt-adv-heading5814_e94ff6-d0, .wp-block-kadence-advancedheading.kt-adv-heading5814_e94ff6-d0[data-kb-block=\"kb-adv-heading5814_e94ff6-d0\"]{margin-bottom:0px;line-height:4;font-style:normal;border-bottom:2px solid var(--global-palette7, #EDF2F7);}.wp-block-kadence-advancedheading.kt-adv-heading5814_e94ff6-d0 mark.kt-highlight, .wp-block-kadence-advancedheading.kt-adv-heading5814_e94ff6-d0[data-kb-block=\"kb-adv-heading5814_e94ff6-d0\"] mark.kt-highlight{font-style:normal;color:#f76a0c;-webkit-box-decoration-break:clone;box-decoration-break:clone;padding-top:0px;padding-right:0px;padding-bottom:0px;padding-left:0px;}.wp-block-kadence-advancedheading.kt-adv-heading5814_e94ff6-d0 img.kb-inline-image, .wp-block-kadence-advancedheading.kt-adv-heading5814_e94ff6-d0[data-kb-block=\"kb-adv-heading5814_e94ff6-d0\"] img.kb-inline-image{width:150px;vertical-align:baseline;}@media all and (max-width: 1024px){.wp-block-kadence-advancedheading.kt-adv-heading5814_e94ff6-d0, .wp-block-kadence-advancedheading.kt-adv-heading5814_e94ff6-d0[data-kb-block=\"kb-adv-heading5814_e94ff6-d0\"]{border-bottom:2px solid var(--global-palette7, #EDF2F7);}}@media all and (max-width: 767px){.wp-block-kadence-advancedheading.kt-adv-heading5814_e94ff6-d0, .wp-block-kadence-advancedheading.kt-adv-heading5814_e94ff6-d0[data-kb-block=\"kb-adv-heading5814_e94ff6-d0\"]{border-bottom:2px solid var(--global-palette7, #EDF2F7);}}<\/style>\n<p class=\"kt-adv-heading5814_e94ff6-d0 wp-block-kadence-advancedheading\" data-kb-block=\"kb-adv-heading5814_e94ff6-d0\">Zust\u00e4ndiges Gericht:\u00a0<strong>Trgova\u010dki sud u Vara\u017edinu<\/strong><\/p>\n\n\n<style>.wp-block-kadence-advancedheading.kt-adv-heading5814_287866-46, .wp-block-kadence-advancedheading.kt-adv-heading5814_287866-46[data-kb-block=\"kb-adv-heading5814_287866-46\"]{margin-bottom:0px;line-height:4;font-style:normal;border-bottom:2px solid var(--global-palette7, #EDF2F7);}.wp-block-kadence-advancedheading.kt-adv-heading5814_287866-46 mark.kt-highlight, .wp-block-kadence-advancedheading.kt-adv-heading5814_287866-46[data-kb-block=\"kb-adv-heading5814_287866-46\"] mark.kt-highlight{font-style:normal;color:#f76a0c;-webkit-box-decoration-break:clone;box-decoration-break:clone;padding-top:0px;padding-right:0px;padding-bottom:0px;padding-left:0px;}.wp-block-kadence-advancedheading.kt-adv-heading5814_287866-46 img.kb-inline-image, .wp-block-kadence-advancedheading.kt-adv-heading5814_287866-46[data-kb-block=\"kb-adv-heading5814_287866-46\"] img.kb-inline-image{width:150px;vertical-align:baseline;}@media all and (max-width: 1024px){.wp-block-kadence-advancedheading.kt-adv-heading5814_287866-46, .wp-block-kadence-advancedheading.kt-adv-heading5814_287866-46[data-kb-block=\"kb-adv-heading5814_287866-46\"]{border-bottom:2px solid var(--global-palette7, #EDF2F7);}}@media all and (max-width: 767px){.wp-block-kadence-advancedheading.kt-adv-heading5814_287866-46, .wp-block-kadence-advancedheading.kt-adv-heading5814_287866-46[data-kb-block=\"kb-adv-heading5814_287866-46\"]{border-bottom:2px solid var(--global-palette7, #EDF2F7);}}<\/style>\n<p class=\"kt-adv-heading5814_287866-46 wp-block-kadence-advancedheading\" data-kb-block=\"kb-adv-heading5814_287866-46\">Stammkapital\u00a0<strong>10.000,00 EUR<\/strong><\/p>\n<\/div><\/div>\n\n\n<style>.kadence-column5814_6cb21e-95 > .kt-inside-inner-col,.kadence-column5814_6cb21e-95 > .kt-inside-inner-col:before{border-top-left-radius:0px;border-top-right-radius:0px;border-bottom-right-radius:0px;border-bottom-left-radius:0px;}.kadence-column5814_6cb21e-95 > .kt-inside-inner-col{column-gap:var(--global-kb-gap-sm, 1rem);}.kadence-column5814_6cb21e-95 > .kt-inside-inner-col{flex-direction:column;}.kadence-column5814_6cb21e-95 > .kt-inside-inner-col > .aligncenter{width:100%;}.kadence-column5814_6cb21e-95 > .kt-inside-inner-col:before{opacity:0.3;}.kadence-column5814_6cb21e-95{position:relative;}@media all and (max-width: 1024px){.kadence-column5814_6cb21e-95 > .kt-inside-inner-col{flex-direction:column;justify-content:center;}}@media all and (max-width: 767px){.kadence-column5814_6cb21e-95 > .kt-inside-inner-col{flex-direction:column;justify-content:center;}}<\/style>\n<div class=\"wp-block-kadence-column kadence-column5814_6cb21e-95\" data-aos=\"zoom-in\"><div class=\"kt-inside-inner-col\"><style>.wp-block-kadence-advancedheading.kt-adv-heading5814_9f15b1-a6, .wp-block-kadence-advancedheading.kt-adv-heading5814_9f15b1-a6[data-kb-block=\"kb-adv-heading5814_9f15b1-a6\"]{margin-bottom:0px;line-height:4;font-style:normal;border-bottom:2px solid var(--global-palette7, #EDF2F7);}.wp-block-kadence-advancedheading.kt-adv-heading5814_9f15b1-a6 mark.kt-highlight, .wp-block-kadence-advancedheading.kt-adv-heading5814_9f15b1-a6[data-kb-block=\"kb-adv-heading5814_9f15b1-a6\"] mark.kt-highlight{font-style:normal;color:#f76a0c;-webkit-box-decoration-break:clone;box-decoration-break:clone;padding-top:0px;padding-right:0px;padding-bottom:0px;padding-left:0px;}.wp-block-kadence-advancedheading.kt-adv-heading5814_9f15b1-a6 img.kb-inline-image, .wp-block-kadence-advancedheading.kt-adv-heading5814_9f15b1-a6[data-kb-block=\"kb-adv-heading5814_9f15b1-a6\"] img.kb-inline-image{width:150px;vertical-align:baseline;}@media all and (max-width: 1024px){.wp-block-kadence-advancedheading.kt-adv-heading5814_9f15b1-a6, .wp-block-kadence-advancedheading.kt-adv-heading5814_9f15b1-a6[data-kb-block=\"kb-adv-heading5814_9f15b1-a6\"]{border-bottom:2px solid var(--global-palette7, #EDF2F7);}}@media all and (max-width: 767px){.wp-block-kadence-advancedheading.kt-adv-heading5814_9f15b1-a6, .wp-block-kadence-advancedheading.kt-adv-heading5814_9f15b1-a6[data-kb-block=\"kb-adv-heading5814_9f15b1-a6\"]{border-bottom:2px solid var(--global-palette7, #EDF2F7);}}<\/style>\n<p class=\"kt-adv-heading5814_9f15b1-a6 wp-block-kadence-advancedheading\" data-kb-block=\"kb-adv-heading5814_9f15b1-a6\">Registrierungsnummer des Unternehmens::\u00a0<strong>04605594<\/strong><\/p>\n\n\n<style>.wp-block-kadence-advancedheading.kt-adv-heading5814_c5fd66-df, .wp-block-kadence-advancedheading.kt-adv-heading5814_c5fd66-df[data-kb-block=\"kb-adv-heading5814_c5fd66-df\"]{margin-bottom:0px;line-height:4;font-style:normal;border-bottom:2px solid var(--global-palette7, #EDF2F7);}.wp-block-kadence-advancedheading.kt-adv-heading5814_c5fd66-df mark.kt-highlight, .wp-block-kadence-advancedheading.kt-adv-heading5814_c5fd66-df[data-kb-block=\"kb-adv-heading5814_c5fd66-df\"] mark.kt-highlight{font-style:normal;color:#f76a0c;-webkit-box-decoration-break:clone;box-decoration-break:clone;padding-top:0px;padding-right:0px;padding-bottom:0px;padding-left:0px;}.wp-block-kadence-advancedheading.kt-adv-heading5814_c5fd66-df img.kb-inline-image, .wp-block-kadence-advancedheading.kt-adv-heading5814_c5fd66-df[data-kb-block=\"kb-adv-heading5814_c5fd66-df\"] img.kb-inline-image{width:150px;vertical-align:baseline;}@media all and (max-width: 1024px){.wp-block-kadence-advancedheading.kt-adv-heading5814_c5fd66-df, .wp-block-kadence-advancedheading.kt-adv-heading5814_c5fd66-df[data-kb-block=\"kb-adv-heading5814_c5fd66-df\"]{border-bottom:2px solid var(--global-palette7, #EDF2F7);}}@media all and (max-width: 767px){.wp-block-kadence-advancedheading.kt-adv-heading5814_c5fd66-df, .wp-block-kadence-advancedheading.kt-adv-heading5814_c5fd66-df[data-kb-block=\"kb-adv-heading5814_c5fd66-df\"]{border-bottom:2px solid var(--global-palette7, #EDF2F7);}}<\/style>\n<p class=\"kt-adv-heading5814_c5fd66-df wp-block-kadence-advancedheading\" data-kb-block=\"kb-adv-heading5814_c5fd66-df\">OIB (Steuernummer):\u00a0<strong>49153524070<\/strong><\/p>\n\n\n<style>.wp-block-kadence-advancedheading.kt-adv-heading5814_76ef1e-5d, .wp-block-kadence-advancedheading.kt-adv-heading5814_76ef1e-5d[data-kb-block=\"kb-adv-heading5814_76ef1e-5d\"]{margin-bottom:0px;line-height:4;font-style:normal;border-bottom:2px solid var(--global-palette7, #EDF2F7);}.wp-block-kadence-advancedheading.kt-adv-heading5814_76ef1e-5d mark.kt-highlight, .wp-block-kadence-advancedheading.kt-adv-heading5814_76ef1e-5d[data-kb-block=\"kb-adv-heading5814_76ef1e-5d\"] mark.kt-highlight{font-style:normal;color:#f76a0c;-webkit-box-decoration-break:clone;box-decoration-break:clone;padding-top:0px;padding-right:0px;padding-bottom:0px;padding-left:0px;}.wp-block-kadence-advancedheading.kt-adv-heading5814_76ef1e-5d img.kb-inline-image, .wp-block-kadence-advancedheading.kt-adv-heading5814_76ef1e-5d[data-kb-block=\"kb-adv-heading5814_76ef1e-5d\"] img.kb-inline-image{width:150px;vertical-align:baseline;}@media all and (max-width: 1024px){.wp-block-kadence-advancedheading.kt-adv-heading5814_76ef1e-5d, .wp-block-kadence-advancedheading.kt-adv-heading5814_76ef1e-5d[data-kb-block=\"kb-adv-heading5814_76ef1e-5d\"]{border-bottom:2px solid var(--global-palette7, #EDF2F7);}}@media all and (max-width: 767px){.wp-block-kadence-advancedheading.kt-adv-heading5814_76ef1e-5d, .wp-block-kadence-advancedheading.kt-adv-heading5814_76ef1e-5d[data-kb-block=\"kb-adv-heading5814_76ef1e-5d\"]{border-bottom:2px solid var(--global-palette7, #EDF2F7);}}<\/style>\n<p class=\"kt-adv-heading5814_76ef1e-5d wp-block-kadence-advancedheading\" data-kb-block=\"kb-adv-heading5814_76ef1e-5d\">BIC\/SWIFT ING:&nbsp;<strong>ZABAHR2X<\/strong><\/p>\n\n\n<style>.wp-block-kadence-advancedheading.kt-adv-heading5814_bde893-71, .wp-block-kadence-advancedheading.kt-adv-heading5814_bde893-71[data-kb-block=\"kb-adv-heading5814_bde893-71\"]{margin-bottom:0px;line-height:4;font-style:normal;border-bottom:2px solid var(--global-palette7, #EDF2F7);}.wp-block-kadence-advancedheading.kt-adv-heading5814_bde893-71 mark.kt-highlight, .wp-block-kadence-advancedheading.kt-adv-heading5814_bde893-71[data-kb-block=\"kb-adv-heading5814_bde893-71\"] mark.kt-highlight{font-style:normal;color:#f76a0c;-webkit-box-decoration-break:clone;box-decoration-break:clone;padding-top:0px;padding-right:0px;padding-bottom:0px;padding-left:0px;}.wp-block-kadence-advancedheading.kt-adv-heading5814_bde893-71 img.kb-inline-image, .wp-block-kadence-advancedheading.kt-adv-heading5814_bde893-71[data-kb-block=\"kb-adv-heading5814_bde893-71\"] img.kb-inline-image{width:150px;vertical-align:baseline;}@media all and (max-width: 1024px){.wp-block-kadence-advancedheading.kt-adv-heading5814_bde893-71, .wp-block-kadence-advancedheading.kt-adv-heading5814_bde893-71[data-kb-block=\"kb-adv-heading5814_bde893-71\"]{border-bottom:2px solid var(--global-palette7, #EDF2F7);}}@media all and (max-width: 767px){.wp-block-kadence-advancedheading.kt-adv-heading5814_bde893-71, .wp-block-kadence-advancedheading.kt-adv-heading5814_bde893-71[data-kb-block=\"kb-adv-heading5814_bde893-71\"]{border-bottom:2px solid var(--global-palette7, #EDF2F7);}}<\/style>\n<p class=\"kt-adv-heading5814_bde893-71 wp-block-kadence-advancedheading\" data-kb-block=\"kb-adv-heading5814_bde893-71\">IBAN:&nbsp;<strong>HR04 236 0000 1102 5621 47<\/strong><\/p>\n<\/div><\/div>\n\n<\/div><\/div>","protected":false},"excerpt":{"rendered":"<p>IMPRESUM Name:\u00a0Sphere d.o.o. Adresse:\u00a0Vara\u017edinska 140, Gornji Ku\u0107an, HR-42000 Vara\u017edin Land:\u00a0Hrvatska Zust\u00e4ndiges Gericht:\u00a0Trgova\u010dki sud u Vara\u017edinu Stammkapital\u00a010.000,00 EUR Registrierungsnummer des Unternehmens::\u00a004605594 OIB (Steuernummer):\u00a049153524070 BIC\/SWIFT ING:&nbsp;ZABAHR2X IBAN:&nbsp;HR04 236 0000 1102 5621 47<\/p>\n","protected":false},"author":2,"featured_media":0,"parent":0,"menu_order":0,"comment_status":"closed","ping_status":"closed","template":"","meta":{"_kad_blocks_custom_css":"","_kad_blocks_head_custom_js":"","_kad_blocks_body_custom_js":"","_kad_blocks_footer_custom_js":"","_kadence_starter_templates_imported_post":false,"_kad_post_transparent":"disable","_kad_post_title":"hide","_kad_post_layout":"","_kad_post_sidebar_id":"","_kad_post_content_style":"","_kad_post_vertical_padding":"bottom","_kad_post_feature":"","_kad_post_feature_position":"","_kad_post_header":false,"_kad_post_footer":false,"_kad_post_classname":"","footnotes":""},"class_list":["post-5814","page","type-page","status-publish","hentry"],"taxonomy_info":[],"featured_image_src_large":false,"author_info":{"display_name":"Viktoria","author_link":"https:\/\/www.sphere.hr\/de\/author\/viktoria\/"},"comment_info":0,"_links":{"self":[{"href":"https:\/\/www.sphere.hr\/de\/wp-json\/wp\/v2\/pages\/5814","targetHints":{"allow":["GET"]}}],"collection":[{"href":"https:\/\/www.sphere.hr\/de\/wp-json\/wp\/v2\/pages"}],"about":[{"href":"https:\/\/www.sphere.hr\/de\/wp-json\/wp\/v2\/types\/page"}],"author":[{"embeddable":true,"href":"https:\/\/www.sphere.hr\/de\/wp-json\/wp\/v2\/users\/2"}],"replies":[{"embeddable":true,"href":"https:\/\/www.sphere.hr\/de\/wp-json\/wp\/v2\/comments?post=5814"}],"version-history":[{"count":3,"href":"https:\/\/www.sphere.hr\/de\/wp-json\/wp\/v2\/pages\/5814\/revisions"}],"predecessor-version":[{"id":5818,"href":"https:\/\/www.sphere.hr\/de\/wp-json\/wp\/v2\/pages\/5814\/revisions\/5818"}],"wp:attachment":[{"href":"https:\/\/www.sphere.hr\/de\/wp-json\/wp\/v2\/media?parent=5814"}],"curies":[{"name":"wp","href":"https:\/\/api.w.org\/{rel}","templated":true}]}}